{"id":2,"date":"2021-06-17T08:59:36","date_gmt":"2021-06-17T06:59:36","guid":{"rendered":"https:\/\/www.novasoder.se\/?page_id=2"},"modified":"2021-06-17T15:32:41","modified_gmt":"2021-06-17T13:32:41","slug":"exempelsida","status":"publish","type":"page","link":"https:\/\/www.novasoder.se\/","title":{"rendered":"Nova Omsorg i Stockholm"},"content":{"rendered":"\n<h2 class=\"wp-block-heading\">V\u00e4lkommen till Nova Omsorg i Stockholm<\/h2>\n\n\n\n<p class=\"has-extra-small-font-size\"><em>V\u00e5r hemsida \u00e4r under uppbyggnad och kommer att lanseras under h\u00f6sten 2021. <\/em> <\/p>\n\n\n\n<p><strong>KORT OM OSS<\/strong><br>Nova Omsorg i Stockholm AB grundades 2012 och \u00e4r verksamma i Stockholms Stad som utf\u00f6rare av hemtj\u00e4nst. Vi har tillst\u00e5nd av IVO att bedriva verksamhet och har upptagningsomr\u00e5den i S\u00f6dra Stockholm.<\/p>\n\n\n\n<p><\/p>\n\n\n\n<p><strong>KONTAKTA OSS<\/strong><br>Ring 08-632 32 00 om Du vill tala med n\u00e5gon hos oss eller skicka ett mejl till info@novasoder.se<\/p>\n","protected":false},"excerpt":{"rendered":"<p>V\u00e4lkommen till Nova Omsorg i Stockholm V\u00e5r hemsida \u00e4r under uppbyggnad och kommer att lanseras under h\u00f6sten 2021. KORT OM OSSNova Omsorg i Stockholm AB grundades 2012 och \u00e4r verksamma i Stockholms Stad som utf\u00f6rare av hemtj\u00e4nst. Vi har tillst\u00e5nd av IVO att bedriva verksamhet och har upptagningsomr\u00e5den i S\u00f6dra Stockholm. KONTAKTA OSSRing 08-632 32&hellip; <a class=\"more-link\" href=\"https:\/\/www.novasoder.se\/\">Forts\u00e4tt l\u00e4sa <span class=\"screen-reader-text\">Nova Omsorg i Stockholm<\/span><\/a><\/p>\n","protected":false},"author":1,"featured_media":0,"parent":0,"menu_order":0,"comment_status":"closed","ping_status":"open","template":"","meta":{"footnotes":""},"class_list":["post-2","page","type-page","status-publish","hentry","entry"],"_links":{"self":[{"href":"https:\/\/www.novasoder.se\/index.php\/wp-json\/wp\/v2\/pages\/2","targetHints":{"allow":["GET"]}}],"collection":[{"href":"https:\/\/www.novasoder.se\/index.php\/wp-json\/wp\/v2\/pages"}],"about":[{"href":"https:\/\/www.novasoder.se\/index.php\/wp-json\/wp\/v2\/types\/page"}],"author":[{"embeddable":true,"href":"https:\/\/www.novasoder.se\/index.php\/wp-json\/wp\/v2\/users\/1"}],"replies":[{"embeddable":true,"href":"https:\/\/www.novasoder.se\/index.php\/wp-json\/wp\/v2\/comments?post=2"}],"version-history":[{"count":11,"href":"https:\/\/www.novasoder.se\/index.php\/wp-json\/wp\/v2\/pages\/2\/revisions"}],"predecessor-version":[{"id":22,"href":"https:\/\/www.novasoder.se\/index.php\/wp-json\/wp\/v2\/pages\/2\/revisions\/22"}],"wp:attachment":[{"href":"https:\/\/www.novasoder.se\/index.php\/wp-json\/wp\/v2\/media?parent=2"}],"curies":[{"name":"wp","href":"https:\/\/api.w.org\/{rel}","templated":true}]}}